{"id":98,"date":"2025-08-12T02:02:59","date_gmt":"2025-08-12T05:02:59","guid":{"rendered":"https:\/\/jaestruturasmetalicas.com.br\/?page_id=98"},"modified":"2026-01-08T18:12:46","modified_gmt":"2026-01-08T21:12:46","slug":"servicos","status":"publish","type":"page","link":"https:\/\/jaestruturasmetalicas.com.br\/?page_id=98","title":{"rendered":"Servi\u00e7os"},"content":{"rendered":"\t\t<div data-elementor-type=\"wp-page\" data-elementor-id=\"98\" class=\"elementor elementor-98\" data-elementor-post-type=\"page\">\n\t\t\t\t<div class=\"elementor-element elementor-element-e721474 e-flex e-con-boxed e-con e-parent\" data-id=\"e721474\" data-element_type=\"container\" data-core-v316-plus=\"true\">\n\t\t\t\t\t<div class=\"e-con-inner\">\n\t\t\t\t<div class=\"elementor-element elementor-element-3e38735 elementor-widget elementor-widget-heading\" data-id=\"3e38735\" data-element_type=\"widget\" data-widget_type=\"heading.default\">\n\t\t\t\t<div class=\"elementor-widget-container\">\n\t\t\t<style>\/*! elementor - v3.20.0 - 11-03-2024 *\/\n.elementor-heading-title{padding:0;margin:0;line-height:1}.elementor-widget-heading .elementor-heading-title[class*=elementor-size-]>a{color:inherit;font-size:inherit;line-height:inherit}.elementor-widget-heading .elementor-heading-title.elementor-size-small{font-size:15px}.elementor-widget-heading .elementor-heading-title.elementor-size-medium{font-size:19px}.elementor-widget-heading .elementor-heading-title.elementor-size-large{font-size:29px}.elementor-widget-heading .elementor-heading-title.elementor-size-xl{font-size:39px}.elementor-widget-heading .elementor-heading-title.elementor-size-xxl{font-size:59px}<\/style><h2 class=\"elementor-heading-title elementor-size-default\">Servi\u00e7os<\/h2>\t\t<\/div>\n\t\t\t\t<\/div>\n\t\t\t\t\t<\/div>\n\t\t\t\t<\/div>\n\t\t<div class=\"elementor-element elementor-element-54300b7 e-flex e-con-boxed e-con e-parent\" data-id=\"54300b7\" data-element_type=\"container\" data-core-v316-plus=\"true\">\n\t\t\t\t\t<div class=\"e-con-inner\">\n\t\t<div class=\"elementor-element elementor-element-969aab2 e-con-full e-flex e-con e-child\" data-id=\"969aab2\" data-element_type=\"container\">\n\t\t\t\t<div class=\"elementor-element elementor-element-a5377c4 elementor-widget elementor-widget-text-editor\" data-id=\"a5377c4\" data-element_type=\"widget\" data-widget_type=\"text-editor.default\">\n\t\t\t\t<div class=\"elementor-widget-container\">\n\t\t\t<style>\/*! elementor - v3.20.0 - 11-03-2024 *\/\n.elementor-widget-text-editor.elementor-drop-cap-view-stacked .elementor-drop-cap{background-color:#69727d;color:#fff}.elementor-widget-text-editor.elementor-drop-cap-view-framed .elementor-drop-cap{color:#69727d;border:3px solid;background-color:transparent}.elementor-widget-text-editor:not(.elementor-drop-cap-view-default) .elementor-drop-cap{margin-top:8px}.elementor-widget-text-editor:not(.elementor-drop-cap-view-default) .elementor-drop-cap-letter{width:1em;height:1em}.elementor-widget-text-editor .elementor-drop-cap{float:left;text-align:center;line-height:1;font-size:50px}.elementor-widget-text-editor .elementor-drop-cap-letter{display:inline-block}<\/style>\t\t\t\t<h1>Reservat\u00f3rios de \u00c1gua<\/h1><p>Solu\u00e7\u00f5es completas em estruturas met\u00e1licas para empreendimentos industriais e comerciais de grande porte.<\/p><h2>Caracter\u00edsticas T\u00e9cnicas<\/h2><ul><li>Soldagem: Processo GMAW (MIG) para m\u00e1xima resist\u00eancia e durabilidade<\/li><li>Tratamento anticorrosivo: Jateamento abrasivo padr\u00e3o SA 2\u00bd<\/li><li>Pintura: Primer ep\u00f3xi poliamina bicomponente e acabamento em poliuretano acr\u00edlico alif\u00e1tico<\/li><li>Certifica\u00e7\u00f5es: Atende \u00e0s normas do Minist\u00e9rio da Sa\u00fade e Diretiva RoHs<\/li><li>Resist\u00eancia: Alta prote\u00e7\u00e3o contra intemp\u00e9ries, umidade e agentes corrosivos<\/li><\/ul><h2>Especifica\u00e7\u00f5es<\/h2><p><strong>Carga M\u00e1xima<br \/><\/strong><strong>150 ton\/m\u00b2<\/strong><\/p><p><strong>Dimens\u00f5es: <br \/><\/strong><strong>Sob medida<\/strong><\/p>\t\t\t\t\t\t<\/div>\n\t\t\t\t<\/div>\n\t\t\t\t<\/div>\n\t\t<div class=\"elementor-element elementor-element-9c27eab e-con-full e-flex e-con e-child\" data-id=\"9c27eab\" data-element_type=\"container\">\n\t\t\t\t<div class=\"elementor-element elementor-element-03c3880 elementor-widget elementor-widget-image-gallery\" data-id=\"03c3880\" data-element_type=\"widget\" data-widget_type=\"image-gallery.default\">\n\t\t\t\t<div class=\"elementor-widget-container\">\n\t\t\t<style>\/*! elementor - v3.20.0 - 11-03-2024 *\/\n.elementor-image-gallery .gallery-item{display:inline-block;text-align:center;vertical-align:top;width:100%;max-width:100%;margin:0 auto}.elementor-image-gallery .gallery-item img{margin:0 auto}.elementor-image-gallery .gallery-item .gallery-caption{margin:0}.elementor-image-gallery figure img{display:block}.elementor-image-gallery figure figcaption{width:100%}.gallery-spacing-custom .elementor-image-gallery .gallery-icon{padding:0}@media (min-width:768px){.elementor-image-gallery .gallery-columns-2 .gallery-item{max-width:50%}.elementor-image-gallery .gallery-columns-3 .gallery-item{max-width:33.33%}.elementor-image-gallery .gallery-columns-4 .gallery-item{max-width:25%}.elementor-image-gallery .gallery-columns-5 .gallery-item{max-width:20%}.elementor-image-gallery .gallery-columns-6 .gallery-item{max-width:16.666%}.elementor-image-gallery .gallery-columns-7 .gallery-item{max-width:14.28%}.elementor-image-gallery .gallery-columns-8 .gallery-item{max-width:12.5%}.elementor-image-gallery .gallery-columns-9 .gallery-item{max-width:11.11%}.elementor-image-gallery .gallery-columns-10 .gallery-item{max-width:10%}}@media (min-width:480px) and (max-width:767px){.elementor-image-gallery .gallery.gallery-columns-2 .gallery-item,.elementor-image-gallery .gallery.gallery-columns-3 .gallery-item,.elementor-image-gallery .gallery.gallery-columns-4 .gallery-item,.elementor-image-gallery .gallery.gallery-columns-5 .gallery-item,.elementor-image-gallery .gallery.gallery-columns-6 .gallery-item,.elementor-image-gallery .gallery.gallery-columns-7 .gallery-item,.elementor-image-gallery .gallery.gallery-columns-8 .gallery-item,.elementor-image-gallery .gallery.gallery-columns-9 .gallery-item,.elementor-image-gallery .gallery.gallery-columns-10 .gallery-item{max-width:50%}}@media (max-width:479px){.elementor-image-gallery .gallery.gallery-columns-2 .gallery-item,.elementor-image-gallery .gallery.gallery-columns-3 .gallery-item,.elementor-image-gallery .gallery.gallery-columns-4 .gallery-item,.elementor-image-gallery .gallery.gallery-columns-5 .gallery-item,.elementor-image-gallery .gallery.gallery-columns-6 .gallery-item,.elementor-image-gallery .gallery.gallery-columns-7 .gallery-item,.elementor-image-gallery .gallery.gallery-columns-8 .gallery-item,.elementor-image-gallery .gallery.gallery-columns-9 .gallery-item,.elementor-image-gallery .gallery.gallery-columns-10 .gallery-item{max-width:100%}}<\/style>\t\t<div class=\"elementor-image-gallery\">\n\t\t\t<div id='gallery-1' class='gallery galleryid-98 gallery-columns-4 gallery-size-thumbnail'><figure class='gallery-item'>\n\t\t\t<div class='gallery-icon portrait'>\n\t\t\t\t<a data-elementor-open-lightbox=\"yes\" data-elementor-lightbox-slideshow=\"03c3880\" data-elementor-lightbox-title=\"cilindro2\" data-e-action-hash=\"#elementor-action%3Aaction%3Dlightbox%26settings%3DeyJpZCI6MTExLCJ1cmwiOiJodHRwczpcL1wvamFlc3RydXR1cmFzbWV0YWxpY2FzLmNvbS5iclwvd3AtY29udGVudFwvdXBsb2Fkc1wvMjAyNVwvMDhcL2NpbGluZHJvMi5qcGciLCJzbGlkZXNob3ciOiIwM2MzODgwIn0%3D\" href='https:\/\/jaestruturasmetalicas.com.br\/wp-content\/uploads\/2025\/08\/cilindro2.jpg'><img decoding=\"async\" width=\"150\" height=\"150\" src=\"https:\/\/jaestruturasmetalicas.com.br\/wp-content\/uploads\/2025\/08\/cilindro2-150x150.jpg\" class=\"attachment-thumbnail size-thumbnail\" alt=\"\" \/><\/a>\n\t\t\t<\/div><\/figure><figure class='gallery-item'>\n\t\t\t<div class='gallery-icon portrait'>\n\t\t\t\t<a data-elementor-open-lightbox=\"yes\" data-elementor-lightbox-slideshow=\"03c3880\" data-elementor-lightbox-title=\"reservatorio\" data-e-action-hash=\"#elementor-action%3Aaction%3Dlightbox%26settings%3DeyJpZCI6MTEyLCJ1cmwiOiJodHRwczpcL1wvamFlc3RydXR1cmFzbWV0YWxpY2FzLmNvbS5iclwvd3AtY29udGVudFwvdXBsb2Fkc1wvMjAyNVwvMDhcL3Jlc2VydmF0b3Jpby5qcGciLCJzbGlkZXNob3ciOiIwM2MzODgwIn0%3D\" href='https:\/\/jaestruturasmetalicas.com.br\/wp-content\/uploads\/2025\/08\/reservatorio.jpg'><img decoding=\"async\" width=\"150\" height=\"150\" src=\"https:\/\/jaestruturasmetalicas.com.br\/wp-content\/uploads\/2025\/08\/reservatorio-150x150.jpg\" class=\"attachment-thumbnail size-thumbnail\" alt=\"\" \/><\/a>\n\t\t\t<\/div><\/figure><figure class='gallery-item'>\n\t\t\t<div class='gallery-icon portrait'>\n\t\t\t\t<a data-elementor-open-lightbox=\"yes\" data-elementor-lightbox-slideshow=\"03c3880\" data-elementor-lightbox-title=\"reservatorioCilindrico\" data-e-action-hash=\"#elementor-action%3Aaction%3Dlightbox%26settings%3DeyJpZCI6MTEzLCJ1cmwiOiJodHRwczpcL1wvamFlc3RydXR1cmFzbWV0YWxpY2FzLmNvbS5iclwvd3AtY29udGVudFwvdXBsb2Fkc1wvMjAyNVwvMDhcL3Jlc2VydmF0b3Jpb0NpbGluZHJpY28uanBlZyIsInNsaWRlc2hvdyI6IjAzYzM4ODAifQ%3D%3D\" href='https:\/\/jaestruturasmetalicas.com.br\/wp-content\/uploads\/2025\/08\/reservatorioCilindrico.jpeg'><img decoding=\"async\" width=\"150\" height=\"150\" src=\"https:\/\/jaestruturasmetalicas.com.br\/wp-content\/uploads\/2025\/08\/reservatorioCilindrico-150x150.jpeg\" class=\"attachment-thumbnail size-thumbnail\" alt=\"\" \/><\/a>\n\t\t\t<\/div><\/figure><figure class='gallery-item'>\n\t\t\t<div class='gallery-icon portrait'>\n\t\t\t\t<a data-elementor-open-lightbox=\"yes\" data-elementor-lightbox-slideshow=\"03c3880\" data-elementor-lightbox-title=\"taca\" data-e-action-hash=\"#elementor-action%3Aaction%3Dlightbox%26settings%3DeyJpZCI6MTE0LCJ1cmwiOiJodHRwczpcL1wvamFlc3RydXR1cmFzbWV0YWxpY2FzLmNvbS5iclwvd3AtY29udGVudFwvdXBsb2Fkc1wvMjAyNVwvMDhcL3RhY2EuanBlZyIsInNsaWRlc2hvdyI6IjAzYzM4ODAifQ%3D%3D\" href='https:\/\/jaestruturasmetalicas.com.br\/wp-content\/uploads\/2025\/08\/taca.jpeg'><img loading=\"lazy\" decoding=\"async\" width=\"150\" height=\"150\" src=\"https:\/\/jaestruturasmetalicas.com.br\/wp-content\/uploads\/2025\/08\/taca-150x150.jpeg\" class=\"attachment-thumbnail size-thumbnail\" alt=\"\" \/><\/a>\n\t\t\t<\/div><\/figure><figure class='gallery-item'>\n\t\t\t<div class='gallery-icon portrait'>\n\t\t\t\t<a data-elementor-open-lightbox=\"yes\" data-elementor-lightbox-slideshow=\"03c3880\" data-elementor-lightbox-title=\"taca2\" data-e-action-hash=\"#elementor-action%3Aaction%3Dlightbox%26settings%3DeyJpZCI6MTE1LCJ1cmwiOiJodHRwczpcL1wvamFlc3RydXR1cmFzbWV0YWxpY2FzLmNvbS5iclwvd3AtY29udGVudFwvdXBsb2Fkc1wvMjAyNVwvMDhcL3RhY2EyLTEuanBlZyIsInNsaWRlc2hvdyI6IjAzYzM4ODAifQ%3D%3D\" href='https:\/\/jaestruturasmetalicas.com.br\/wp-content\/uploads\/2025\/08\/taca2-1.jpeg'><img loading=\"lazy\" decoding=\"async\" width=\"150\" height=\"150\" src=\"https:\/\/jaestruturasmetalicas.com.br\/wp-content\/uploads\/2025\/08\/taca2-1-150x150.jpeg\" class=\"attachment-thumbnail size-thumbnail\" alt=\"\" \/><\/a>\n\t\t\t<\/div><\/figure><figure class='gallery-item'>\n\t\t\t<div class='gallery-icon portrait'>\n\t\t\t\t<a data-elementor-open-lightbox=\"yes\" data-elementor-lightbox-slideshow=\"03c3880\" data-elementor-lightbox-title=\"taca3\" data-e-action-hash=\"#elementor-action%3Aaction%3Dlightbox%26settings%3DeyJpZCI6MTE2LCJ1cmwiOiJodHRwczpcL1wvamFlc3RydXR1cmFzbWV0YWxpY2FzLmNvbS5iclwvd3AtY29udGVudFwvdXBsb2Fkc1wvMjAyNVwvMDhcL3RhY2EzLmpwZyIsInNsaWRlc2hvdyI6IjAzYzM4ODAifQ%3D%3D\" href='https:\/\/jaestruturasmetalicas.com.br\/wp-content\/uploads\/2025\/08\/taca3.jpg'><img loading=\"lazy\" decoding=\"async\" width=\"150\" height=\"150\" src=\"https:\/\/jaestruturasmetalicas.com.br\/wp-content\/uploads\/2025\/08\/taca3-150x150.jpg\" class=\"attachment-thumbnail size-thumbnail\" alt=\"\" \/><\/a>\n\t\t\t<\/div><\/figure>\n\t\t<\/div>\n\t\t<\/div>\n\t\t\t\t<\/div>\n\t\t\t\t<\/div>\n\t\t\t\t<\/div>\n\t\t\t\t\t<\/div>\n\t\t\t\t<\/div>\n\t\t\t\t<\/div>\n\t\t","protected":false},"excerpt":{"rendered":"<p>Servi\u00e7os Reservat\u00f3rios de \u00c1gua Solu\u00e7\u00f5es completas em estruturas met\u00e1licas para empreendimentos industriais e comerciais de grande porte. Caracter\u00edsticas T\u00e9cnicas Soldagem: [&hellip;]<\/p>\n","protected":false},"author":1,"featured_media":0,"parent":0,"menu_order":0,"comment_status":"closed","ping_status":"closed","template":"","meta":{"site-sidebar-layout":"no-sidebar","site-content-layout":"","ast-site-content-layout":"full-width-container","site-content-style":"default","site-sidebar-style":"default","ast-global-header-display":"","ast-banner-title-visibility":"","ast-main-header-display":"","ast-hfb-above-header-display":"","ast-hfb-below-header-display":"","ast-hfb-mobile-header-display":"","site-post-title":"disabled","ast-breadcrumbs-content":"","ast-featured-img":"disabled","footer-sml-layout":"","theme-transparent-header-meta":"","adv-header-id-meta":"","stick-header-meta":"","header-above-stick-meta":"","header-main-stick-meta":"","header-below-stick-meta":"","astra-migrate-meta-layouts":"default","ast-page-background-enabled":"default","ast-page-background-meta":{"desktop":{"background-color":"var(--ast-global-color-4)","background-image":"","background-repeat":"repeat","background-position":"center center","background-size":"auto","background-attachment":"scroll","background-type":"","background-media":"","overlay-type":"","overlay-color":"","overlay-gradient":""},"tablet":{"background-color":"","background-image":"","background-repeat":"repeat","background-position":"center center","background-size":"auto","background-attachment":"scroll","background-type":"","background-media":"","overlay-type":"","overlay-color":"","overlay-gradient":""},"mobile":{"background-color":"","background-image":"","background-repeat":"repeat","background-position":"center center","background-size":"auto","background-attachment":"scroll","background-type":"","background-media":"","overlay-type":"","overlay-color":"","overlay-gradient":""}},"ast-content-background-meta":{"desktop":{"background-color":"var(--ast-global-color-5)","background-image":"","background-repeat":"repeat","background-position":"center center","background-size":"auto","background-attachment":"scroll","background-type":"","background-media":"","overlay-type":"","overlay-color":"","overlay-gradient":""},"tablet":{"background-color":"var(--ast-global-color-5)","background-image":"","background-repeat":"repeat","background-position":"center center","background-size":"auto","background-attachment":"scroll","background-type":"","background-media":"","overlay-type":"","overlay-color":"","overlay-gradient":""},"mobile":{"background-color":"var(--ast-global-color-5)","background-image":"","background-repeat":"repeat","background-position":"center center","background-size":"auto","background-attachment":"scroll","background-type":"","background-media":"","overlay-type":"","overlay-color":"","overlay-gradient":""}},"footnotes":""},"class_list":["post-98","page","type-page","status-publish","hentry"],"yoast_head":"<!-- This site is optimized with the Yoast SEO plugin v22.8 - https:\/\/yoast.com\/wordpress\/plugins\/seo\/ -->\n<title>Servi\u00e7os - Ja Estruturas Met\u00e1licas<\/title>\n<meta name=\"robots\" content=\"index, follow, max-snippet:-1, max-image-preview:large, max-video-preview:-1\" \/>\n<link rel=\"canonical\" href=\"https:\/\/jaestruturasmetalicas.com.br\/?page_id=98\" \/>\n<meta property=\"og:locale\" content=\"pt_BR\" \/>\n<meta property=\"og:type\" content=\"article\" \/>\n<meta property=\"og:title\" content=\"Servi\u00e7os - Ja Estruturas Met\u00e1licas\" \/>\n<meta property=\"og:description\" content=\"Servi\u00e7os Reservat\u00f3rios de \u00c1gua Solu\u00e7\u00f5es completas em estruturas met\u00e1licas para empreendimentos industriais e comerciais de grande porte. Caracter\u00edsticas T\u00e9cnicas Soldagem: [&hellip;]\" \/>\n<meta property=\"og:url\" content=\"https:\/\/jaestruturasmetalicas.com.br\/?page_id=98\" \/>\n<meta property=\"og:site_name\" content=\"Ja Estruturas Met\u00e1licas\" \/>\n<meta property=\"article:modified_time\" content=\"2026-01-08T21:12:46+00:00\" \/>\n<meta property=\"og:image\" content=\"https:\/\/jaestruturasmetalicas.com.br\/wp-content\/uploads\/2025\/08\/cilindro2-150x150.jpg\" \/>\n<meta name=\"twitter:card\" content=\"summary_large_image\" \/>\n<meta name=\"twitter:label1\" content=\"Est. tempo de leitura\" \/>\n\t<meta name=\"twitter:data1\" content=\"2 minutos\" \/>\n<script type=\"application\/ld+json\" class=\"yoast-schema-graph\">{\"@context\":\"https:\/\/schema.org\",\"@graph\":[{\"@type\":\"WebPage\",\"@id\":\"https:\/\/jaestruturasmetalicas.com.br\/?page_id=98\",\"url\":\"https:\/\/jaestruturasmetalicas.com.br\/?page_id=98\",\"name\":\"Servi\u00e7os - Ja Estruturas Met\u00e1licas\",\"isPartOf\":{\"@id\":\"https:\/\/jaestruturasmetalicas.com.br\/#website\"},\"primaryImageOfPage\":{\"@id\":\"https:\/\/jaestruturasmetalicas.com.br\/?page_id=98#primaryimage\"},\"image\":{\"@id\":\"https:\/\/jaestruturasmetalicas.com.br\/?page_id=98#primaryimage\"},\"thumbnailUrl\":\"https:\/\/jaestruturasmetalicas.com.br\/wp-content\/uploads\/2025\/08\/cilindro2-150x150.jpg\",\"datePublished\":\"2025-08-12T05:02:59+00:00\",\"dateModified\":\"2026-01-08T21:12:46+00:00\",\"breadcrumb\":{\"@id\":\"https:\/\/jaestruturasmetalicas.com.br\/?page_id=98#breadcrumb\"},\"inLanguage\":\"pt-BR\",\"potentialAction\":[{\"@type\":\"ReadAction\",\"target\":[\"https:\/\/jaestruturasmetalicas.com.br\/?page_id=98\"]}]},{\"@type\":\"ImageObject\",\"inLanguage\":\"pt-BR\",\"@id\":\"https:\/\/jaestruturasmetalicas.com.br\/?page_id=98#primaryimage\",\"url\":\"https:\/\/jaestruturasmetalicas.com.br\/wp-content\/uploads\/2025\/08\/cilindro2.jpg\",\"contentUrl\":\"https:\/\/jaestruturasmetalicas.com.br\/wp-content\/uploads\/2025\/08\/cilindro2.jpg\",\"width\":900,\"height\":1600},{\"@type\":\"BreadcrumbList\",\"@id\":\"https:\/\/jaestruturasmetalicas.com.br\/?page_id=98#breadcrumb\",\"itemListElement\":[{\"@type\":\"ListItem\",\"position\":1,\"name\":\"Home\",\"item\":\"https:\/\/jaestruturasmetalicas.com.br\/\"},{\"@type\":\"ListItem\",\"position\":2,\"name\":\"Servi\u00e7os\"}]},{\"@type\":\"WebSite\",\"@id\":\"https:\/\/jaestruturasmetalicas.com.br\/#website\",\"url\":\"https:\/\/jaestruturasmetalicas.com.br\/\",\"name\":\"Ja Estruturas Met\u00e1licas\",\"description\":\"\",\"publisher\":{\"@id\":\"https:\/\/jaestruturasmetalicas.com.br\/#organization\"},\"potentialAction\":[{\"@type\":\"SearchAction\",\"target\":{\"@type\":\"EntryPoint\",\"urlTemplate\":\"https:\/\/jaestruturasmetalicas.com.br\/?s={search_term_string}\"},\"query-input\":\"required name=search_term_string\"}],\"inLanguage\":\"pt-BR\"},{\"@type\":\"Organization\",\"@id\":\"https:\/\/jaestruturasmetalicas.com.br\/#organization\",\"name\":\"Ja Estruturas Met\u00e1licas\",\"url\":\"https:\/\/jaestruturasmetalicas.com.br\/\",\"logo\":{\"@type\":\"ImageObject\",\"inLanguage\":\"pt-BR\",\"@id\":\"https:\/\/jaestruturasmetalicas.com.br\/#\/schema\/logo\/image\/\",\"url\":\"https:\/\/jaestruturasmetalicas.com.br\/wp-content\/uploads\/2025\/11\/cropped-Banner-de-site-azul2b-1b.png\",\"contentUrl\":\"https:\/\/jaestruturasmetalicas.com.br\/wp-content\/uploads\/2025\/11\/cropped-Banner-de-site-azul2b-1b.png\",\"width\":540,\"height\":454,\"caption\":\"Ja Estruturas Met\u00e1licas\"},\"image\":{\"@id\":\"https:\/\/jaestruturasmetalicas.com.br\/#\/schema\/logo\/image\/\"}}]}<\/script>\n<!-- \/ Yoast SEO plugin. -->","yoast_head_json":{"title":"Servi\u00e7os - Ja Estruturas Met\u00e1licas","robots":{"index":"index","follow":"follow","max-snippet":"max-snippet:-1","max-image-preview":"max-image-preview:large","max-video-preview":"max-video-preview:-1"},"canonical":"https:\/\/jaestruturasmetalicas.com.br\/?page_id=98","og_locale":"pt_BR","og_type":"article","og_title":"Servi\u00e7os - Ja Estruturas Met\u00e1licas","og_description":"Servi\u00e7os Reservat\u00f3rios de \u00c1gua Solu\u00e7\u00f5es completas em estruturas met\u00e1licas para empreendimentos industriais e comerciais de grande porte. Caracter\u00edsticas T\u00e9cnicas Soldagem: [&hellip;]","og_url":"https:\/\/jaestruturasmetalicas.com.br\/?page_id=98","og_site_name":"Ja Estruturas Met\u00e1licas","article_modified_time":"2026-01-08T21:12:46+00:00","og_image":[{"url":"https:\/\/jaestruturasmetalicas.com.br\/wp-content\/uploads\/2025\/08\/cilindro2-150x150.jpg"}],"twitter_card":"summary_large_image","twitter_misc":{"Est. tempo de leitura":"2 minutos"},"schema":{"@context":"https:\/\/schema.org","@graph":[{"@type":"WebPage","@id":"https:\/\/jaestruturasmetalicas.com.br\/?page_id=98","url":"https:\/\/jaestruturasmetalicas.com.br\/?page_id=98","name":"Servi\u00e7os - Ja Estruturas Met\u00e1licas","isPartOf":{"@id":"https:\/\/jaestruturasmetalicas.com.br\/#website"},"primaryImageOfPage":{"@id":"https:\/\/jaestruturasmetalicas.com.br\/?page_id=98#primaryimage"},"image":{"@id":"https:\/\/jaestruturasmetalicas.com.br\/?page_id=98#primaryimage"},"thumbnailUrl":"https:\/\/jaestruturasmetalicas.com.br\/wp-content\/uploads\/2025\/08\/cilindro2-150x150.jpg","datePublished":"2025-08-12T05:02:59+00:00","dateModified":"2026-01-08T21:12:46+00:00","breadcrumb":{"@id":"https:\/\/jaestruturasmetalicas.com.br\/?page_id=98#breadcrumb"},"inLanguage":"pt-BR","potentialAction":[{"@type":"ReadAction","target":["https:\/\/jaestruturasmetalicas.com.br\/?page_id=98"]}]},{"@type":"ImageObject","inLanguage":"pt-BR","@id":"https:\/\/jaestruturasmetalicas.com.br\/?page_id=98#primaryimage","url":"https:\/\/jaestruturasmetalicas.com.br\/wp-content\/uploads\/2025\/08\/cilindro2.jpg","contentUrl":"https:\/\/jaestruturasmetalicas.com.br\/wp-content\/uploads\/2025\/08\/cilindro2.jpg","width":900,"height":1600},{"@type":"BreadcrumbList","@id":"https:\/\/jaestruturasmetalicas.com.br\/?page_id=98#breadcrumb","itemListElement":[{"@type":"ListItem","position":1,"name":"Home","item":"https:\/\/jaestruturasmetalicas.com.br\/"},{"@type":"ListItem","position":2,"name":"Servi\u00e7os"}]},{"@type":"WebSite","@id":"https:\/\/jaestruturasmetalicas.com.br\/#website","url":"https:\/\/jaestruturasmetalicas.com.br\/","name":"Ja Estruturas Met\u00e1licas","description":"","publisher":{"@id":"https:\/\/jaestruturasmetalicas.com.br\/#organization"},"potentialAction":[{"@type":"SearchAction","target":{"@type":"EntryPoint","urlTemplate":"https:\/\/jaestruturasmetalicas.com.br\/?s={search_term_string}"},"query-input":"required name=search_term_string"}],"inLanguage":"pt-BR"},{"@type":"Organization","@id":"https:\/\/jaestruturasmetalicas.com.br\/#organization","name":"Ja Estruturas Met\u00e1licas","url":"https:\/\/jaestruturasmetalicas.com.br\/","logo":{"@type":"ImageObject","inLanguage":"pt-BR","@id":"https:\/\/jaestruturasmetalicas.com.br\/#\/schema\/logo\/image\/","url":"https:\/\/jaestruturasmetalicas.com.br\/wp-content\/uploads\/2025\/11\/cropped-Banner-de-site-azul2b-1b.png","contentUrl":"https:\/\/jaestruturasmetalicas.com.br\/wp-content\/uploads\/2025\/11\/cropped-Banner-de-site-azul2b-1b.png","width":540,"height":454,"caption":"Ja Estruturas Met\u00e1licas"},"image":{"@id":"https:\/\/jaestruturasmetalicas.com.br\/#\/schema\/logo\/image\/"}}]}},"_links":{"self":[{"href":"https:\/\/jaestruturasmetalicas.com.br\/index.php?rest_route=\/wp\/v2\/pages\/98","targetHints":{"allow":["GET"]}}],"collection":[{"href":"https:\/\/jaestruturasmetalicas.com.br\/index.php?rest_route=\/wp\/v2\/pages"}],"about":[{"href":"https:\/\/jaestruturasmetalicas.com.br\/index.php?rest_route=\/wp\/v2\/types\/page"}],"author":[{"embeddable":true,"href":"https:\/\/jaestruturasmetalicas.com.br\/index.php?rest_route=\/wp\/v2\/users\/1"}],"replies":[{"embeddable":true,"href":"https:\/\/jaestruturasmetalicas.com.br\/index.php?rest_route=%2Fwp%2Fv2%2Fcomments&post=98"}],"version-history":[{"count":16,"href":"https:\/\/jaestruturasmetalicas.com.br\/index.php?rest_route=\/wp\/v2\/pages\/98\/revisions"}],"predecessor-version":[{"id":319,"href":"https:\/\/jaestruturasmetalicas.com.br\/index.php?rest_route=\/wp\/v2\/pages\/98\/revisions\/319"}],"wp:attachment":[{"href":"https:\/\/jaestruturasmetalicas.com.br\/index.php?rest_route=%2Fwp%2Fv2%2Fmedia&parent=98"}],"curies":[{"name":"wp","href":"https:\/\/api.w.org\/{rel}","templated":true}]}}